{"id":1175,"date":"2026-02-14T16:56:03","date_gmt":"2026-02-14T16:56:03","guid":{"rendered":"https:\/\/weboatbaja.com\/?page_id=1175"},"modified":"2026-04-03T02:32:06","modified_gmt":"2026-04-03T02:32:06","slug":"pesca","status":"publish","type":"page","link":"https:\/\/weboatbaja.com\/en\/pesca\/","title":{"rendered":"Fishing"},"content":{"rendered":"<div class=\"wp-block-cover alignfull has-custom-content-position is-position-bottom-center\" style=\"margin-top:0;margin-bottom:0;padding-top:0;padding-right:var(--wp--preset--spacing--50);padding-bottom:0;padding-left:var(--wp--preset--spacing--50);min-height:55vh;aspect-ratio:unset;\"><video class=\"wp-block-cover__video-background intrinsic-ignore\" autoplay muted loop playsinline src=\"https:\/\/weboatbaja.com\/wp-content\/uploads\/2026\/04\/VIDEO013.mp4\" data-object-fit=\"cover\"><\/video><span aria-hidden=\"true\" class=\"wp-block-cover__background has-background-dim-100 has-background-dim wp-block-cover__gradient-background has-background-gradient\" style=\"background:linear-gradient(180deg,rgba(23,61,92,0) 77%,rgb(23,60,91) 100%)\"><\/span><div class=\"wp-block-cover__inner-container is-layout-constrained wp-container-core-cover-is-layout-e7d940a3 wp-block-cover-is-layout-constrained\">\n<div class=\"wp-block-boldblocks-svg-block alignfull has-custom-css wp-custom-css-4a3691cd svg-b-1 sm-svg-justify-alignment\"><div class=\"wp-block-boldblocks-svg-block__inner sm-svg-width sm-svg-padding-top sm-svg-padding-right sm-svg-padding-bottom sm-svg-padding-left svg-fill-color\"><svg preserveaspectratio=\"none\" viewbox=\"0 0 1920 120\" xmlns=\"http:\/\/www.w3.org\/2000\/svg\" class=\"bb-icon bb-icon--divider-waves\">\n  <path fill-rule=\"evenodd\" d=\"M0 55.962c300.496 50.616 620.496 50.616 960 0s659.504-50.616 960 0V120H0V55.962Z\"><\/path>\n<\/svg><\/div><\/div>\n<\/div><\/div>\n\n\n\n<div class=\"wp-block-group is-layout-constrained wp-container-core-group-is-layout-cd90900c wp-block-group-is-layout-constrained\">\n<div class=\"wp-block-group is-layout-constrained wp-block-group-is-layout-constrained\" style=\"margin-top:0;margin-bottom:0;padding-top:var(--wp--preset--spacing--50);padding-bottom:var(--wp--preset--spacing--50)\">\n<div class=\"wp-block-columns are-vertically-aligned-center is-layout-flex wp-container-core-columns-is-layout-75644acd wp-block-columns-is-layout-flex\" style=\"border-top-left-radius:32px;border-top-right-radius:32px;border-bottom-left-radius:32px;border-bottom-right-radius:32px;margin-top:0;margin-bottom:0;padding-top:var(--wp--preset--spacing--60);padding-right:var(--wp--preset--spacing--50);padding-bottom:var(--wp--preset--spacing--60);padding-left:var(--wp--preset--spacing--50)\">\n<div class=\"wp-block-column is-vertically-aligned-center is-layout-flow wp-block-column-is-layout-flow\" style=\"padding-right:0;padding-left:0;flex-basis:300px\">\n<figure class=\"wp-block-image aligncenter size-full is-resized has-custom-border is-style-default\"><img loading=\"lazy\" decoding=\"async\" width=\"420\" height=\"623\" src=\"https:\/\/weboatbaja.com\/wp-content\/uploads\/2026\/02\/ADV002.png\" alt=\"\" class=\"wp-image-1010\" style=\"border-top-left-radius:300px;border-top-right-radius:300px;border-bottom-left-radius:300px;border-bottom-right-radius:300px;box-shadow:var(--wp--preset--shadow--shadow-1);object-fit:cover;object-position:50% 50%;width:300px;height:300px\" srcset=\"https:\/\/weboatbaja.com\/wp-content\/uploads\/2026\/02\/ADV002.png 420w, https:\/\/weboatbaja.com\/wp-content\/uploads\/2026\/02\/ADV002-202x300.png 202w, https:\/\/weboatbaja.com\/wp-content\/uploads\/2026\/02\/ADV002-8x12.png 8w\" sizes=\"auto, (max-width: 420px) 100vw, 420px\" \/><\/figure>\n<\/div>\n\n\n\n<div class=\"wp-block-column is-vertically-aligned-center is-layout-flow wp-block-column-is-layout-flow\">\n<div class=\"wp-block-group has-custom-css is-vertical is-layout-flex wp-container-core-group-is-layout-04f606ce wp-block-group-is-layout-flex wp-custom-css-1d42ecd9\" style=\"border-top-left-radius:0px;border-top-right-radius:0px;border-bottom-left-radius:0px;border-bottom-right-radius:0px;margin-top:0;margin-bottom:0;padding-top:0;padding-right:0;padding-bottom:0;padding-left:0\">\n<h2 class=\"wp-block-heading has-text-align-center has-ti-accent-secondary-color has-text-color has-link-color has-x-large-font-size wp-elements-d35d4b5a1b2471422776d5608a9b17f0\">Fishing<\/h2>\n\n\n\n<div class=\"wp-block-group is-nowrap is-layout-flex wp-container-core-group-is-layout-53626d4a wp-block-group-is-layout-flex\">\n<div class=\"wp-block-group is-content-justification-left is-nowrap is-layout-flex wp-container-core-group-is-layout-f363aaac wp-block-group-is-layout-flex\">\n<figure class=\"wp-block-image size-full is-style-default has-custom-css wp-custom-css-4d28abbe\" style=\"margin-top:0;margin-bottom:0\"><img loading=\"lazy\" decoding=\"async\" width=\"48\" height=\"48\" src=\"https:\/\/weboatbaja.com\/wp-content\/uploads\/2026\/02\/icon-clock.png\" alt=\"\" class=\"wp-image-675\" style=\"object-fit:cover\" srcset=\"https:\/\/weboatbaja.com\/wp-content\/uploads\/2026\/02\/icon-clock.png 48w, https:\/\/weboatbaja.com\/wp-content\/uploads\/2026\/02\/icon-clock-12x12.png 12w\" sizes=\"auto, (max-width: 48px) 100vw, 48px\" \/><\/figure>\n\n\n\n<p class=\"has-ti-bg-inv-color has-text-color has-link-color wp-elements-465b87422404a39e39eb9920dbffd53d wp-block-paragraph\"><strong>Duration:<\/strong> 4 &#8211; 6 Hrs<\/p>\n<\/div>\n\n\n\n<div class=\"wp-block-group is-content-justification-left is-nowrap is-layout-flex wp-container-core-group-is-layout-f363aaac wp-block-group-is-layout-flex\">\n<figure class=\"wp-block-image size-full is-style-default has-custom-css wp-custom-css-ac1619bc\" style=\"margin-top:0;margin-bottom:0\"><img loading=\"lazy\" decoding=\"async\" width=\"48\" height=\"48\" src=\"https:\/\/weboatbaja.com\/wp-content\/uploads\/2026\/02\/icon-sunset.png\" alt=\"\" class=\"wp-image-674\" style=\"object-fit:cover\" srcset=\"https:\/\/weboatbaja.com\/wp-content\/uploads\/2026\/02\/icon-sunset.png 48w, https:\/\/weboatbaja.com\/wp-content\/uploads\/2026\/02\/icon-sunset-12x12.png 12w\" sizes=\"auto, (max-width: 48px) 100vw, 48px\" \/><\/figure>\n\n\n\n<p class=\"has-ti-bg-inv-color has-text-color has-link-color wp-elements-92c19cbe5877febbd6ea8f9f8e545eb3 wp-block-paragraph\"><strong>Season:<\/strong> All year<\/p>\n<\/div>\n<\/div>\n\n\n\n<div class=\"wp-block-group is-vertical is-layout-flex wp-container-core-group-is-layout-dc0c0d66 wp-block-group-is-layout-flex\">\n<p class=\"has-text-align-left has-ti-bg-inv-color has-text-color has-link-color wp-elements-68acbbbeb2122de681f7e4c69a4ae216 wp-block-paragraph\">Experience the thrill of sport fishing in the Sea of \u200b\u200bCortez with our Open Sea Fishing Tour, an experience designed for beginners and experienced anglers looking for adrenaline, nature and big catches.<\/p>\n\n\n\n<p class=\"has-text-align-left has-ti-bg-inv-color has-text-color has-link-color wp-elements-a789ced6d226c5533609d80c65e15c8b wp-block-paragraph\">Sail to high-potential fishing areas, enjoy the open sea and feel the thrill of battling iconic species while our team guides you to have a safe, fun and productive day.<\/p>\n<\/div>\n<\/div>\n<\/div>\n<\/div>\n<\/div>\n\n\n\n<div class=\"wp-block-group has-background is-layout-constrained wp-container-core-group-is-layout-da674442 wp-block-group-is-layout-constrained\" style=\"border-top-left-radius:32px;border-top-right-radius:32px;border-bottom-left-radius:32px;border-bottom-right-radius:32px;background-color:#d9a99824;margin-top:var(--wp--preset--spacing--40);margin-bottom:var(--wp--preset--spacing--40);padding-top:var(--wp--preset--spacing--60);padding-right:var(--wp--preset--spacing--60);padding-bottom:var(--wp--preset--spacing--60);padding-left:var(--wp--preset--spacing--60)\">\n<div class=\"wp-block-group is-vertical is-content-justification-stretch is-layout-flex wp-container-core-group-is-layout-376104a3 wp-block-group-is-layout-flex\">\n<h5 class=\"wp-block-heading has-text-align-left\">Includes:<\/h5>\n<\/div>\n\n\n\n<div class=\"wp-block-columns are-vertically-aligned-center has-custom-css is-layout-flex wp-container-core-columns-is-layout-cae54dfd wp-block-columns-is-layout-flex wp-custom-css-f052afb9\" style=\"border-top-left-radius:32px;border-top-right-radius:32px;border-bottom-left-radius:32px;border-bottom-right-radius:32px;margin-top:0;margin-bottom:0;padding-top:0;padding-right:0;padding-bottom:0;padding-left:0\">\n<div class=\"wp-block-column is-vertically-aligned-center is-layout-flow wp-container-core-column-is-layout-32b8b60f wp-block-column-is-layout-flow\" style=\"padding-top:var(--wp--preset--spacing--40);padding-right:var(--wp--preset--spacing--40);padding-bottom:var(--wp--preset--spacing--40);padding-left:var(--wp--preset--spacing--40)\">\n<div class=\"wp-block-group is-nowrap is-layout-flex wp-container-core-group-is-layout-a95130e6 wp-block-group-is-layout-flex\">\n<figure class=\"wp-block-image size-full has-custom-css wp-custom-css-4438b668\"><img loading=\"lazy\" decoding=\"async\" width=\"48\" height=\"48\" src=\"https:\/\/weboatbaja.com\/wp-content\/uploads\/2026\/02\/icon-food.png\" alt=\"\" class=\"wp-image-676\" srcset=\"https:\/\/weboatbaja.com\/wp-content\/uploads\/2026\/02\/icon-food.png 48w, https:\/\/weboatbaja.com\/wp-content\/uploads\/2026\/02\/icon-food-12x12.png 12w\" sizes=\"auto, (max-width: 48px) 100vw, 48px\" \/><\/figure>\n\n\n\n<p class=\"has-ti-bg-inv-color has-text-color has-link-color wp-elements-16b5bfda3e17c49ba07cb23b0e668ec4 wp-block-paragraph\"><strong>Meals: <\/strong>ceviche <\/p>\n<\/div>\n\n\n\n<div class=\"wp-block-group is-nowrap is-layout-flex wp-container-core-group-is-layout-a95130e6 wp-block-group-is-layout-flex\">\n<figure class=\"wp-block-image size-full has-custom-css wp-custom-css-dd7c620b\"><img loading=\"lazy\" decoding=\"async\" width=\"48\" height=\"48\" src=\"https:\/\/weboatbaja.com\/wp-content\/uploads\/2026\/02\/icon-drinks.png\" alt=\"\" class=\"wp-image-677\" srcset=\"https:\/\/weboatbaja.com\/wp-content\/uploads\/2026\/02\/icon-drinks.png 48w, https:\/\/weboatbaja.com\/wp-content\/uploads\/2026\/02\/icon-drinks-12x12.png 12w\" sizes=\"auto, (max-width: 48px) 100vw, 48px\" \/><\/figure>\n\n\n\n<p class=\"has-ti-bg-inv-color has-text-color has-link-color wp-elements-534dce5143af5344ec03b1cf6d4e4ec8 wp-block-paragraph\"><strong>Drinks: <\/strong>water, sodas and ice <\/p>\n<\/div>\n<\/div>\n\n\n\n<div class=\"wp-block-column is-vertically-aligned-center is-layout-flow wp-container-core-column-is-layout-a03225c5 wp-block-column-is-layout-flow\" style=\"padding-top:var(--wp--preset--spacing--40);padding-right:var(--wp--preset--spacing--40);padding-bottom:var(--wp--preset--spacing--40);padding-left:var(--wp--preset--spacing--40)\">\n<div class=\"wp-block-group is-nowrap is-layout-flex wp-container-core-group-is-layout-a95130e6 wp-block-group-is-layout-flex\">\n<figure class=\"wp-block-image size-full has-custom-css wp-custom-css-5c9e9fc9\"><img loading=\"lazy\" decoding=\"async\" width=\"48\" height=\"48\" src=\"https:\/\/weboatbaja.com\/wp-content\/uploads\/2026\/02\/icon-hat.png\" alt=\"\" class=\"wp-image-679\" srcset=\"https:\/\/weboatbaja.com\/wp-content\/uploads\/2026\/02\/icon-hat.png 48w, https:\/\/weboatbaja.com\/wp-content\/uploads\/2026\/02\/icon-hat-12x12.png 12w\" sizes=\"auto, (max-width: 48px) 100vw, 48px\" \/><\/figure>\n\n\n\n<p class=\"has-ti-bg-inv-color has-text-color has-link-color wp-elements-30bf7c664f970ee2abc9e023a70448bd wp-block-paragraph\"><strong>Crew<\/strong>: Captain, Sailor<\/p>\n<\/div>\n\n\n\n<div class=\"wp-block-group is-content-justification-left is-nowrap is-layout-flex wp-container-core-group-is-layout-f363aaac wp-block-group-is-layout-flex\">\n<figure class=\"wp-block-image size-full is-style-default has-custom-css wp-custom-css-db9eef31\" style=\"margin-top:0;margin-bottom:0\"><img loading=\"lazy\" decoding=\"async\" width=\"48\" height=\"48\" src=\"https:\/\/weboatbaja.com\/wp-content\/uploads\/2026\/02\/icon-chair.png\" alt=\"\" class=\"wp-image-678\" style=\"object-fit:cover\" srcset=\"https:\/\/weboatbaja.com\/wp-content\/uploads\/2026\/02\/icon-chair.png 48w, https:\/\/weboatbaja.com\/wp-content\/uploads\/2026\/02\/icon-chair-12x12.png 12w\" sizes=\"auto, (max-width: 48px) 100vw, 48px\" \/><\/figure>\n\n\n\n<p class=\"has-ti-bg-inv-color has-text-color has-link-color wp-elements-f64b36f8a23af0e7bf1ebb6a7acec1d7 wp-block-paragraph\"><strong>Equipment:  <\/strong>snorkel, towels, chairs, tables, shade, wristbands<\/p>\n<\/div>\n<\/div>\n<\/div>\n<\/div>\n\n\n\n<div class=\"wp-block-group is-vertical is-content-justification-center is-layout-flex wp-container-core-group-is-layout-2f8c7fea wp-block-group-is-layout-flex\" style=\"margin-top:var(--wp--preset--spacing--50);margin-bottom:var(--wp--preset--spacing--50);padding-top:var(--wp--preset--spacing--60);padding-bottom:var(--wp--preset--spacing--60)\">\n<p class=\"has-text-align-center has-ti-bg-inv-color has-text-color has-link-color wp-elements-4aa845a69663f35c0ba3d4283b53c5e6 wp-block-paragraph\" style=\"font-size:clamp(14px, 0.875rem + ((1vw - 3.2px) * 0.313), 18px);font-style:normal;font-weight:600\">Discover Baja from the sea<\/p>\n\n\n\n<div class=\"wp-block-buttons is-content-justification-center is-layout-flex wp-container-core-buttons-is-layout-217d4e66 wp-block-buttons-is-layout-flex\">\n<div class=\"wp-block-button\"><a class=\"wp-block-button__link wp-element-button\" href=\"https:\/\/wa.me\/526121272245\" target=\"_blank\" rel=\"noreferrer noopener\">Book now<\/a><\/div>\n<\/div>\n<\/div>\n\n\n\n<div class=\"wp-block-group is-layout-constrained wp-container-core-group-is-layout-cd90900c wp-block-group-is-layout-constrained\">\n<figure class=\"wp-block-gallery has-nested-images columns-default is-cropped wp-block-gallery-2 is-layout-flex wp-block-gallery-is-layout-flex\">\n<figure class=\"wp-block-image size-large has-custom-border\"><img loading=\"lazy\" decoding=\"async\" width=\"1710\" height=\"1170\" data-id=\"1719\" src=\"https:\/\/weboatbaja.com\/wp-content\/uploads\/2026\/03\/wemap.png\" alt=\"\" class=\"wp-image-1719\" style=\"border-top-left-radius:16px;border-top-right-radius:16px;border-bottom-left-radius:16px;border-bottom-right-radius:16px\"\/><\/figure>\n<\/figure>\n<\/div>\n<\/div>\n\n\n\n<div class=\"wp-block-group is-layout-flow wp-block-group-is-layout-flow\" style=\"padding-top:var(--wp--preset--spacing--80);padding-right:var(--wp--preset--spacing--50);padding-bottom:var(--wp--preset--spacing--80);padding-left:var(--wp--preset--spacing--50)\">\n<div class=\"wp-block-cb-carousel-v2 cb-carousel-block\" data-cb-slides-per-view=\"1\" data-cb-slides-per-group=\"1\" data-cb-space-between=\"15\" data-cb-speed=\"300\" data-cb-navigation=\"true\" data-cb-pagination=\"true\" data-cb-loop=\"true\" data-cb-autoplay=\"true\" data-cb-autoplay-speed=\"3000\" data-cb-breakpoints=\"{&quot;768&quot;:{&quot;slidesPerView&quot;:3,&quot;slidesPerGroup&quot;:1}}\"><div class=\"swiper\"><div class=\"cb-wrapper swiper-wrapper\">\n<div class=\"wp-block-cb-slide-v2 cb-slide swiper-slide\">\n<figure data-wp-context=\"{&quot;imageId&quot;:&quot;69f2c2d0cf989&quot;}\" data-wp-interactive=\"core\/image\" data-wp-key=\"69f2c2d0cf989\" class=\"wp-block-image size-large has-custom-border wp-lightbox-container\"><img loading=\"lazy\" decoding=\"async\" width=\"1024\" height=\"576\" data-wp-class--hide=\"state.isContentHidden\" data-wp-class--show=\"state.isContentVisible\" data-wp-init=\"callbacks.setButtonStyles\" data-wp-on--click=\"actions.showLightbox\" data-wp-on--load=\"callbacks.setButtonStyles\" data-wp-on--pointerdown=\"actions.preloadImage\" data-wp-on--pointerenter=\"actions.preloadImageWithDelay\" data-wp-on--pointerleave=\"actions.cancelPreload\" data-wp-on-window--resize=\"callbacks.setButtonStyles\" src=\"https:\/\/weboatbaja.com\/wp-content\/uploads\/2026\/02\/balandra002-1024x576.jpg\" alt=\"\" class=\"wp-image-1118\" style=\"border-top-left-radius:8px;border-top-right-radius:8px;border-bottom-left-radius:8px;border-bottom-right-radius:8px\" srcset=\"https:\/\/weboatbaja.com\/wp-content\/uploads\/2026\/02\/balandra002-1024x576.jpg 1024w, https:\/\/weboatbaja.com\/wp-content\/uploads\/2026\/02\/balandra002-300x169.jpg 300w, https:\/\/weboatbaja.com\/wp-content\/uploads\/2026\/02\/balandra002-768x432.jpg 768w, https:\/\/weboatbaja.com\/wp-content\/uploads\/2026\/02\/balandra002-1536x864.jpg 1536w, https:\/\/weboatbaja.com\/wp-content\/uploads\/2026\/02\/balandra002-18x10.jpg 18w, https:\/\/weboatbaja.com\/wp-content\/uploads\/2026\/02\/balandra002.jpg 1920w\" sizes=\"auto, (max-width: 1024px) 100vw, 1024px\" \/><button\n\t\t\tclass=\"lightbox-trigger\"\n\t\t\ttype=\"button\"\n\t\t\taria-haspopup=\"dialog\"\n\t\t\tdata-wp-bind--aria-label=\"state.thisImage.triggerButtonAriaLabel\"\n\t\t\tdata-wp-init=\"callbacks.initTriggerButton\"\n\t\t\tdata-wp-on--click=\"actions.showLightbox\"\n\t\t\tdata-wp-style--right=\"state.thisImage.buttonRight\"\n\t\t\tdata-wp-style--top=\"state.thisImage.buttonTop\"\n\t\t>\n\t\t\t<svg xmlns=\"http:\/\/www.w3.org\/2000\/svg\" width=\"12\" height=\"12\" fill=\"none\" viewbox=\"0 0 12 12\">\n\t\t\t\t<path fill=\"#fff\" d=\"M2 0a2 2 0 0 0-2 2v2h1.5V2a.5.5 0 0 1 .5-.5h2V0H2Zm2 10.5H2a.5.5 0 0 1-.5-.5V8H0v2a2 2 0 0 0 2 2h2v-1.5ZM8 12v-1.5h2a.5.5 0 0 0 .5-.5V8H12v2a2 2 0 0 1-2 2H8Zm2-12a2 2 0 0 1 2 2v2h-1.5V2a.5.5 0 0 0-.5-.5H8V0h2Z\" \/>\n\t\t\t<\/svg>\n\t\t<\/button><\/figure>\n<\/div>\n\n\n\n<div class=\"wp-block-cb-slide-v2 cb-slide swiper-slide\">\n<figure data-wp-context=\"{&quot;imageId&quot;:&quot;69f2c2d0cffe0&quot;}\" data-wp-interactive=\"core\/image\" data-wp-key=\"69f2c2d0cffe0\" class=\"wp-block-image size-large has-custom-border wp-lightbox-container\"><img loading=\"lazy\" decoding=\"async\" width=\"1024\" height=\"576\" data-wp-class--hide=\"state.isContentHidden\" data-wp-class--show=\"state.isContentVisible\" data-wp-init=\"callbacks.setButtonStyles\" data-wp-on--click=\"actions.showLightbox\" data-wp-on--load=\"callbacks.setButtonStyles\" data-wp-on--pointerdown=\"actions.preloadImage\" data-wp-on--pointerenter=\"actions.preloadImageWithDelay\" data-wp-on--pointerleave=\"actions.cancelPreload\" data-wp-on-window--resize=\"callbacks.setButtonStyles\" src=\"https:\/\/weboatbaja.com\/wp-content\/uploads\/2026\/02\/balandra004-1024x576.jpg\" alt=\"\" class=\"wp-image-1120\" style=\"border-top-left-radius:8px;border-top-right-radius:8px;border-bottom-left-radius:8px;border-bottom-right-radius:8px\" srcset=\"https:\/\/weboatbaja.com\/wp-content\/uploads\/2026\/02\/balandra004-1024x576.jpg 1024w, https:\/\/weboatbaja.com\/wp-content\/uploads\/2026\/02\/balandra004-300x169.jpg 300w, https:\/\/weboatbaja.com\/wp-content\/uploads\/2026\/02\/balandra004-768x432.jpg 768w, https:\/\/weboatbaja.com\/wp-content\/uploads\/2026\/02\/balandra004-1536x864.jpg 1536w, https:\/\/weboatbaja.com\/wp-content\/uploads\/2026\/02\/balandra004-18x10.jpg 18w, https:\/\/weboatbaja.com\/wp-content\/uploads\/2026\/02\/balandra004.jpg 1920w\" sizes=\"auto, (max-width: 1024px) 100vw, 1024px\" \/><button\n\t\t\tclass=\"lightbox-trigger\"\n\t\t\ttype=\"button\"\n\t\t\taria-haspopup=\"dialog\"\n\t\t\tdata-wp-bind--aria-label=\"state.thisImage.triggerButtonAriaLabel\"\n\t\t\tdata-wp-init=\"callbacks.initTriggerButton\"\n\t\t\tdata-wp-on--click=\"actions.showLightbox\"\n\t\t\tdata-wp-style--right=\"state.thisImage.buttonRight\"\n\t\t\tdata-wp-style--top=\"state.thisImage.buttonTop\"\n\t\t>\n\t\t\t<svg xmlns=\"http:\/\/www.w3.org\/2000\/svg\" width=\"12\" height=\"12\" fill=\"none\" viewbox=\"0 0 12 12\">\n\t\t\t\t<path fill=\"#fff\" d=\"M2 0a2 2 0 0 0-2 2v2h1.5V2a.5.5 0 0 1 .5-.5h2V0H2Zm2 10.5H2a.5.5 0 0 1-.5-.5V8H0v2a2 2 0 0 0 2 2h2v-1.5ZM8 12v-1.5h2a.5.5 0 0 0 .5-.5V8H12v2a2 2 0 0 1-2 2H8Zm2-12a2 2 0 0 1 2 2v2h-1.5V2a.5.5 0 0 0-.5-.5H8V0h2Z\" \/>\n\t\t\t<\/svg>\n\t\t<\/button><\/figure>\n<\/div>\n\n\n\n<div class=\"wp-block-cb-slide-v2 cb-slide swiper-slide\">\n<figure data-wp-context=\"{&quot;imageId&quot;:&quot;69f2c2d0d05eb&quot;}\" data-wp-interactive=\"core\/image\" data-wp-key=\"69f2c2d0d05eb\" class=\"wp-block-image size-large has-custom-border wp-lightbox-container\"><img loading=\"lazy\" decoding=\"async\" width=\"1024\" height=\"576\" data-wp-class--hide=\"state.isContentHidden\" data-wp-class--show=\"state.isContentVisible\" data-wp-init=\"callbacks.setButtonStyles\" data-wp-on--click=\"actions.showLightbox\" data-wp-on--load=\"callbacks.setButtonStyles\" data-wp-on--pointerdown=\"actions.preloadImage\" data-wp-on--pointerenter=\"actions.preloadImageWithDelay\" data-wp-on--pointerleave=\"actions.cancelPreload\" data-wp-on-window--resize=\"callbacks.setButtonStyles\" src=\"https:\/\/weboatbaja.com\/wp-content\/uploads\/2026\/02\/balandra005-1024x576.jpg\" alt=\"\" class=\"wp-image-1119\" style=\"border-top-left-radius:8px;border-top-right-radius:8px;border-bottom-left-radius:8px;border-bottom-right-radius:8px\" srcset=\"https:\/\/weboatbaja.com\/wp-content\/uploads\/2026\/02\/balandra005-1024x576.jpg 1024w, https:\/\/weboatbaja.com\/wp-content\/uploads\/2026\/02\/balandra005-300x169.jpg 300w, https:\/\/weboatbaja.com\/wp-content\/uploads\/2026\/02\/balandra005-768x432.jpg 768w, https:\/\/weboatbaja.com\/wp-content\/uploads\/2026\/02\/balandra005-1536x864.jpg 1536w, https:\/\/weboatbaja.com\/wp-content\/uploads\/2026\/02\/balandra005-18x10.jpg 18w, https:\/\/weboatbaja.com\/wp-content\/uploads\/2026\/02\/balandra005.jpg 1920w\" sizes=\"auto, (max-width: 1024px) 100vw, 1024px\" \/><button\n\t\t\tclass=\"lightbox-trigger\"\n\t\t\ttype=\"button\"\n\t\t\taria-haspopup=\"dialog\"\n\t\t\tdata-wp-bind--aria-label=\"state.thisImage.triggerButtonAriaLabel\"\n\t\t\tdata-wp-init=\"callbacks.initTriggerButton\"\n\t\t\tdata-wp-on--click=\"actions.showLightbox\"\n\t\t\tdata-wp-style--right=\"state.thisImage.buttonRight\"\n\t\t\tdata-wp-style--top=\"state.thisImage.buttonTop\"\n\t\t>\n\t\t\t<svg xmlns=\"http:\/\/www.w3.org\/2000\/svg\" width=\"12\" height=\"12\" fill=\"none\" viewbox=\"0 0 12 12\">\n\t\t\t\t<path fill=\"#fff\" d=\"M2 0a2 2 0 0 0-2 2v2h1.5V2a.5.5 0 0 1 .5-.5h2V0H2Zm2 10.5H2a.5.5 0 0 1-.5-.5V8H0v2a2 2 0 0 0 2 2h2v-1.5ZM8 12v-1.5h2a.5.5 0 0 0 .5-.5V8H12v2a2 2 0 0 1-2 2H8Zm2-12a2 2 0 0 1 2 2v2h-1.5V2a.5.5 0 0 0-.5-.5H8V0h2Z\" \/>\n\t\t\t<\/svg>\n\t\t<\/button><\/figure>\n<\/div>\n\n\n\n<div class=\"wp-block-cb-slide-v2 cb-slide swiper-slide\">\n<figure class=\"wp-block-image size-full has-custom-border\"><img loading=\"lazy\" decoding=\"async\" width=\"1920\" height=\"1080\" src=\"https:\/\/weboatbaja.com\/wp-content\/uploads\/2026\/03\/balandra003-rotated.jpg\" alt=\"\" class=\"wp-image-1627\" style=\"border-top-left-radius:8px;border-top-right-radius:8px;border-bottom-left-radius:8px;border-bottom-right-radius:8px\" srcset=\"https:\/\/weboatbaja.com\/wp-content\/uploads\/2026\/03\/balandra003-rotated.jpg 1920w, https:\/\/weboatbaja.com\/wp-content\/uploads\/2026\/03\/balandra003-720x405.jpg 720w, https:\/\/weboatbaja.com\/wp-content\/uploads\/2026\/03\/balandra003-768x432.jpg 768w, https:\/\/weboatbaja.com\/wp-content\/uploads\/2026\/03\/balandra003-1536x864.jpg 1536w, https:\/\/weboatbaja.com\/wp-content\/uploads\/2026\/03\/balandra003-18x10.jpg 18w\" sizes=\"auto, (max-width: 1920px) 100vw, 1920px\" \/><\/figure>\n<\/div>\n<\/div><\/div><div class=\"cb-pagination swiper-pagination\"><\/div><div class=\"cb-button-prev swiper-button-prev\"><\/div><div class=\"cb-button-next swiper-button-next\"><\/div><\/div>\n<\/div>\n\n\n\n<div class=\"wp-block-group alignfull is-layout-constrained wp-container-core-group-is-layout-b221d9d0 wp-block-group-is-layout-constrained has-background\" style=\"min-height:0px;margin-top:0;margin-bottom:0;padding-top:0;padding-right:0;padding-bottom:0;padding-left:0;background-image:url(&apos;https:\/\/weboatbaja.com\/wp-content\/uploads\/2026\/01\/BANNER002.png&apos;);background-size:cover;\">\n<div class=\"wp-block-group alignwide is-layout-flow wp-block-group-is-layout-flow\">\n<div class=\"wp-block-boldblocks-svg-block alignwide svg-b-3\"><div class=\"wp-block-boldblocks-svg-block__inner is-invert is-flip sm-svg-width svg-fill-color\"><svg preserveaspectratio=\"none\" viewbox=\"0 0 1920 120\" xmlns=\"http:\/\/www.w3.org\/2000\/svg\" class=\"bb-icon bb-icon--divider-waves\">\n  <path fill-rule=\"evenodd\" d=\"M0 55.962c300.496 50.616 620.496 50.616 960 0s659.504-50.616 960 0V120H0V55.962Z\"><\/path>\n<\/svg><\/div><\/div>\n\n\n\n<div class=\"wp-block-group is-vertical is-content-justification-center is-layout-flex wp-container-core-group-is-layout-66c967ff wp-block-group-is-layout-flex\" style=\"margin-top:0;margin-bottom:0;padding-top:var(--wp--preset--spacing--70);padding-bottom:0\">\n<div class=\"wp-block-group is-nowrap is-layout-flex wp-container-core-group-is-layout-9ba6dbca wp-block-group-is-layout-flex\">\n<h2 class=\"wp-block-heading has-white-color has-text-color has-link-color wp-elements-6bf5f5a8cc2abe96d69bb5c6d78e6657\">Discover Baja from the sea<\/h2>\n<\/div>\n\n\n\n<div class=\"wp-block-buttons is-content-justification-center is-layout-flex wp-container-core-buttons-is-layout-217d4e66 wp-block-buttons-is-layout-flex\">\n<div class=\"wp-block-button\"><a class=\"wp-block-button__link wp-element-button\" href=\"https:\/\/wa.me\/526121272245\" target=\"_blank\" rel=\"noreferrer noopener\">Live the experience<\/a><\/div>\n<\/div>\n<\/div>\n\n\n\n<div style=\"height:100px\" aria-hidden=\"true\" class=\"wp-block-spacer\"><\/div>\n<\/div>\n<\/div>","protected":false},"excerpt":{"rendered":"<p>Pesca Duraci\u00f3n: 4 &#8211; 6 Hrs Temporada: Todo el a\u00f1o Vive la emoci\u00f3n de la pesca deportiva en el Mar de Cort\u00e9s con nuestro Tour de Pesca en Mar Abierto, una experiencia dise\u00f1ada para principiantes y pescadores experimentados que buscan adrenalina, naturaleza y grandes capturas. Navega hacia zonas de pesca de alto potencial, disfruta del [&hellip;]<\/p>\n","protected":false},"author":2,"featured_media":1010,"parent":0,"menu_order":0,"comment_status":"closed","ping_status":"closed","template":"","meta":{"_crdt_document":"","footnotes":""},"class_list":["post-1175","page","type-page","status-publish","has-post-thumbnail","hentry"],"_hostinger_reach_plugin_has_subscription_block":false,"_hostinger_reach_plugin_is_elementor":false,"_links":{"self":[{"href":"https:\/\/weboatbaja.com\/en\/wp-json\/wp\/v2\/pages\/1175","targetHints":{"allow":["GET"]}}],"collection":[{"href":"https:\/\/weboatbaja.com\/en\/wp-json\/wp\/v2\/pages"}],"about":[{"href":"https:\/\/weboatbaja.com\/en\/wp-json\/wp\/v2\/types\/page"}],"author":[{"embeddable":true,"href":"https:\/\/weboatbaja.com\/en\/wp-json\/wp\/v2\/users\/2"}],"replies":[{"embeddable":true,"href":"https:\/\/weboatbaja.com\/en\/wp-json\/wp\/v2\/comments?post=1175"}],"version-history":[{"count":5,"href":"https:\/\/weboatbaja.com\/en\/wp-json\/wp\/v2\/pages\/1175\/revisions"}],"predecessor-version":[{"id":2011,"href":"https:\/\/weboatbaja.com\/en\/wp-json\/wp\/v2\/pages\/1175\/revisions\/2011"}],"wp:featuredmedia":[{"embeddable":true,"href":"https:\/\/weboatbaja.com\/en\/wp-json\/wp\/v2\/media\/1010"}],"wp:attachment":[{"href":"https:\/\/weboatbaja.com\/en\/wp-json\/wp\/v2\/media?parent=1175"}],"curies":[{"name":"wp","href":"https:\/\/api.w.org\/{rel}","templated":true}]}}