{"id":18,"date":"2026-01-17T16:36:04","date_gmt":"2026-01-17T16:36:04","guid":{"rendered":"https:\/\/weboatbaja.com\/quienes-somos\/"},"modified":"2026-04-14T01:53:28","modified_gmt":"2026-04-14T01:53:28","slug":"quienes-somos","status":"publish","type":"page","link":"https:\/\/weboatbaja.com\/en\/quienes-somos\/","title":{"rendered":"ABOUT US"},"content":{"rendered":"<div class=\"wp-block-group alignfull is-layout-constrained wp-container-core-group-is-layout-fa6c85b6 wp-block-group-is-layout-constrained\" style=\"margin-top:0;margin-bottom:0;padding-top:0;padding-right:var(--wp--preset--spacing--50);padding-bottom:0;padding-left:var(--wp--preset--spacing--50)\">\n<div class=\"wp-block-cover alignfull\" style=\"margin-top:0;margin-bottom:0;padding-top:0;padding-bottom:0;min-height:40vh;aspect-ratio:unset;\"><img loading=\"lazy\" decoding=\"async\" width=\"1920\" height=\"1280\" class=\"wp-block-cover__image-background wp-image-519 size-full\" alt=\"\" src=\"https:\/\/weboatbaja.com\/wp-content\/uploads\/2026\/01\/hero-team.png\" data-object-fit=\"cover\" srcset=\"https:\/\/weboatbaja.com\/wp-content\/uploads\/2026\/01\/hero-team.png 1920w, https:\/\/weboatbaja.com\/wp-content\/uploads\/2026\/01\/hero-team-300x200.png 300w, https:\/\/weboatbaja.com\/wp-content\/uploads\/2026\/01\/hero-team-1024x683.png 1024w, https:\/\/weboatbaja.com\/wp-content\/uploads\/2026\/01\/hero-team-768x512.png 768w, https:\/\/weboatbaja.com\/wp-content\/uploads\/2026\/01\/hero-team-1536x1024.png 1536w, https:\/\/weboatbaja.com\/wp-content\/uploads\/2026\/01\/hero-team-18x12.png 18w\" sizes=\"auto, (max-width: 1920px) 100vw, 1920px\" \/><span aria-hidden=\"true\" class=\"wp-block-cover__background has-black-background-color has-background-dim-20 has-background-dim\"><\/span><div class=\"wp-block-cover__inner-container is-layout-flow wp-container-core-cover-is-layout-b5e27552 wp-block-cover-is-layout-flow\">\n<div class=\"wp-block-group is-vertical is-content-justification-center is-layout-flex wp-container-core-group-is-layout-e447205a wp-block-group-is-layout-flex\" style=\"min-height:40vh;margin-top:0;margin-bottom:0\">\n<h1 class=\"wp-block-heading has-text-align-center alignwide has-white-color has-text-color has-link-color wp-elements-1c3ec689f22cf9c73c4dca94a90f78d1\">Meet the Crew<\/h1>\n\n\n\n<div class=\"wp-block-buttons is-content-justification-center is-layout-flex wp-container-core-buttons-is-layout-217d4e66 wp-block-buttons-is-layout-flex\">\n<div class=\"wp-block-button is-style-fill\"><a class=\"wp-block-button__link wp-element-button\" href=\"https:\/\/wa.me\/526121272245\" target=\"_blank\" rel=\"noreferrer noopener\">Book Now<\/a><\/div>\n<\/div>\n<\/div>\n\n\n\n<div class=\"wp-block-group alignfull has-custom-css is-layout-constrained wp-block-group-is-layout-constrained wp-custom-css-a592dacc\">\n<div class=\"wp-block-boldblocks-svg-block alignfull svg-b-1 sm-svg-justify-alignment\"><div class=\"wp-block-boldblocks-svg-block__inner sm-svg-width sm-svg-padding-top sm-svg-padding-right sm-svg-padding-bottom sm-svg-padding-left svg-fill-color\"><svg preserveaspectratio=\"none\" viewbox=\"0 0 1920 120\" xmlns=\"http:\/\/www.w3.org\/2000\/svg\" class=\"bb-icon bb-icon--divider-waves\">\n  <path fill-rule=\"evenodd\" d=\"M0 55.962c300.496 50.616 620.496 50.616 960 0s659.504-50.616 960 0V120H0V55.962Z\"><\/path>\n<\/svg><\/div><\/div>\n<\/div>\n<\/div><\/div>\n\n\n\n<div class=\"wp-block-group has-white-background-color has-background is-layout-constrained wp-container-core-group-is-layout-8ce46b20 wp-block-group-is-layout-constrained\" style=\"margin-top:0;margin-bottom:0;padding-top:0px;padding-right:0;padding-bottom:0px;padding-left:0\">\n<section class=\"wp-block-group center-mobile is-vertical is-content-justification-center is-layout-flex wp-container-core-group-is-layout-362c0bc0 wp-block-group-is-layout-flex\" style=\"padding-top:var(--wp--preset--spacing--70);padding-bottom:var(--wp--preset--spacing--70)\">\n<figure class=\"wp-block-image aligncenter size-full is-resized has-custom-border is-style-default\"><img loading=\"lazy\" decoding=\"async\" width=\"600\" height=\"400\" src=\"https:\/\/weboatbaja.com\/wp-content\/uploads\/2026\/01\/TEAM001.png\" alt=\"\" class=\"wp-image-262\" style=\"border-top-left-radius:300px;border-top-right-radius:300px;border-bottom-left-radius:300px;border-bottom-right-radius:300px;box-shadow:var(--wp--preset--shadow--shadow-1);object-fit:cover;object-position:50% 50%;width:300px;height:300px\" srcset=\"https:\/\/weboatbaja.com\/wp-content\/uploads\/2026\/01\/TEAM001.png 600w, https:\/\/weboatbaja.com\/wp-content\/uploads\/2026\/01\/TEAM001-300x200.png 300w, https:\/\/weboatbaja.com\/wp-content\/uploads\/2026\/01\/TEAM001-18x12.png 18w\" sizes=\"auto, (max-width: 600px) 100vw, 600px\" \/><\/figure>\n\n\n\n<h2 class=\"wp-block-heading has-text-align-center has-ti-accent-secondary-color has-text-color has-link-color wp-elements-b738fd792de6ff81a2034d91d7c835c9\">We Boat Baja<\/h2>\n\n\n\n<p class=\"has-text-align-center has-ti-bg-inv-color has-text-color has-link-color wp-elements-3cd2820eca9e5c56677a9ac221ab5d3d wp-block-paragraph\">At We Boat Baja, we're more than just crew: we're people who grew up and live connected to the sea. We know these waters, respect their rhythm, and understand that every outing is an opportunity to create lasting memories. That's why we take care of every detail, from welcoming you on board to the very last moment of your trip, combining experience, professionalism, and a personal touch that makes you feel comfortable from the very first minute.<\/p>\n\n\n\n<p class=\"has-text-align-center has-ti-bg-inv-color has-text-color has-link-color wp-elements-e4226cf3b204f00c82d727a72f9dc2b0 wp-block-paragraph\">Our team shares a common passion: to showcase the beauty of Baja California Sur in an authentic, safe, and responsible way. We navigate with respect for nature, love for our land, and a commitment to offering experiences that exceed expectations. Because when you're surrounded by people who love what they do, the journey becomes more than just a trip\u2026 it becomes a story you'll want to relive.<\/p>\n<\/section>\n<\/div>\n\n\n\n<div class=\"wp-block-group alignfull has-ti-accent-secondary-background-color has-background is-content-justification-center is-layout-constrained wp-container-core-group-is-layout-44a6a89e wp-block-group-is-layout-constrained\" style=\"margin-top:0px;margin-bottom:0px;padding-top:64px;padding-right:64px;padding-bottom:64px;padding-left:64px\">\n<h1 class=\"wp-block-heading has-text-align-center has-white-color has-text-color has-link-color wp-elements-ba4197ca1cc31d6b304409892c62cbfa\">Experiencias<\/h1>\n\n\n\n<div class=\"wp-block-columns are-vertically-aligned-bottom is-layout-flex wp-container-core-columns-is-layout-4cf40772 wp-block-columns-is-layout-flex\" style=\"margin-top:var(--wp--preset--spacing--70);margin-bottom:var(--wp--preset--spacing--70);padding-right:0;padding-left:0\">\n<div class=\"wp-block-column is-vertically-aligned-bottom curved-windows is-layout-flow wp-block-column-is-layout-flow\" style=\"padding-top:0px;padding-right:0px;padding-bottom:0px;padding-left:0px\">\n<div class=\"wp-block-group is-vertical is-content-justification-stretch is-nowrap is-layout-flex wp-container-core-group-is-layout-bdfda8a1 wp-block-group-is-layout-flex has-background\" style=\"border-style:none;border-width:0%;border-top-left-radius:180px;border-top-right-radius:180px;border-bottom-left-radius:16px;border-bottom-right-radius:16px;min-height:440px;padding-top:var(--wp--preset--spacing--40);padding-right:var(--wp--preset--spacing--40);padding-bottom:var(--wp--preset--spacing--40);padding-left:var(--wp--preset--spacing--40);box-shadow:var(--wp--preset--shadow--shadow-1);background-image:url(&apos;https:\/\/weboatbaja.com\/wp-content\/uploads\/2026\/02\/ADV005.png&apos;);background-size:cover;\">\n<div class=\"wp-block-group is-layout-flow wp-container-core-group-is-layout-0327ebeb wp-block-group-is-layout-flow\" style=\"margin-top:0;margin-bottom:0;padding-top:0;padding-bottom:0\">\n<h4 class=\"wp-block-heading has-text-align-center has-white-color has-text-color has-link-color has-x-large-font-size wp-elements-5c703e889083a21e4c64b7deef667b5f\">Balandra<\/h4>\n\n\n\n<p class=\"has-text-align-center has-white-color has-text-color has-link-color has-normal-font-size wp-elements-304a507361fd78b0f1851cb5604a3f59 wp-block-paragraph\">All year<\/p>\n<\/div>\n\n\n\n<div class=\"wp-block-buttons is-horizontal is-content-justification-left is-nowrap is-layout-flex wp-container-core-buttons-is-layout-13a99d15 wp-block-buttons-is-layout-flex\">\n<div class=\"wp-block-button has-custom-width wp-block-button__width-100\"><a class=\"wp-block-button__link wp-element-button\" href=\"https:\/\/wa.me\/526121272245\" target=\"_blank\" rel=\"noreferrer noopener\">Book now<\/a><\/div>\n\n\n\n<div class=\"wp-block-button has-custom-width wp-block-button__width-100 is-style-outline is-style-outline--2\"><a class=\"wp-block-button__link wp-element-button\">Explore<\/a><\/div>\n<\/div>\n<\/div>\n<\/div>\n\n\n\n<div class=\"wp-block-column is-vertically-aligned-bottom curved-windows is-layout-flow wp-block-column-is-layout-flow\" style=\"padding-top:0px;padding-right:0px;padding-bottom:0px;padding-left:0px\">\n<div class=\"wp-block-group is-vertical is-content-justification-stretch is-nowrap is-layout-flex wp-container-core-group-is-layout-bdfda8a1 wp-block-group-is-layout-flex has-background\" style=\"border-style:none;border-width:0%;border-top-left-radius:180px;border-top-right-radius:180px;border-bottom-left-radius:16px;border-bottom-right-radius:16px;min-height:440px;padding-top:var(--wp--preset--spacing--40);padding-right:var(--wp--preset--spacing--40);padding-bottom:var(--wp--preset--spacing--40);padding-left:var(--wp--preset--spacing--40);box-shadow:var(--wp--preset--shadow--shadow-1);background-image:url(&apos;https:\/\/weboatbaja.com\/wp-content\/uploads\/2026\/02\/ADV004.png&apos;);background-size:cover;\">\n<div class=\"wp-block-group is-layout-flow wp-container-core-group-is-layout-cc31acd5 wp-block-group-is-layout-flow\" style=\"margin-top:0;margin-bottom:0\">\n<h3 class=\"wp-block-heading has-text-align-center has-white-color has-text-color has-link-color has-x-large-font-size wp-elements-86c2f4749e959d4220fbd5068d282645\">Overnight<\/h3>\n\n\n\n<p class=\"has-text-align-center has-white-color has-text-color has-link-color has-normal-font-size wp-elements-304a507361fd78b0f1851cb5604a3f59 wp-block-paragraph\">All year<\/p>\n<\/div>\n\n\n\n<div class=\"wp-block-buttons is-horizontal is-content-justification-left is-nowrap is-layout-flex wp-container-core-buttons-is-layout-e6fcc320 wp-block-buttons-is-layout-flex\">\n<div class=\"wp-block-button has-custom-width wp-block-button__width-100 is-style-fill\"><a class=\"wp-block-button__link has-text-align-center wp-element-button\" href=\"https:\/\/wa.me\/526121272245\" target=\"_blank\" rel=\"noreferrer noopener\">Book now<\/a><\/div>\n\n\n\n<div class=\"wp-block-button has-custom-width wp-block-button__width-100 is-style-outline is-style-outline--3\"><a class=\"wp-block-button__link wp-element-button\">Explore<\/a><\/div>\n<\/div>\n<\/div>\n<\/div>\n\n\n\n<div class=\"wp-block-column is-vertically-aligned-bottom curved-windows is-layout-flow wp-block-column-is-layout-flow\" style=\"padding-top:0px;padding-right:0px;padding-bottom:0px;padding-left:0px\">\n<div class=\"wp-block-group is-vertical is-content-justification-stretch is-nowrap is-layout-flex wp-container-core-group-is-layout-bdfda8a1 wp-block-group-is-layout-flex has-background\" style=\"border-style:none;border-width:0%;border-top-left-radius:180px;border-top-right-radius:180px;border-bottom-left-radius:16px;border-bottom-right-radius:16px;min-height:440px;padding-top:var(--wp--preset--spacing--40);padding-right:var(--wp--preset--spacing--40);padding-bottom:var(--wp--preset--spacing--40);padding-left:var(--wp--preset--spacing--40);box-shadow:var(--wp--preset--shadow--shadow-1);background-image:url(&apos;https:\/\/weboatbaja.com\/wp-content\/uploads\/2026\/02\/ADV007.png&apos;);background-size:cover;\">\n<div class=\"wp-block-group is-layout-flow wp-container-core-group-is-layout-cc31acd5 wp-block-group-is-layout-flow\" style=\"margin-top:0;margin-bottom:0\">\n<h3 class=\"wp-block-heading has-text-align-center has-white-color has-text-color has-link-color has-x-large-font-size wp-elements-952e4b258d81009fc75c25c19bdf6549\">Sea Wolfs<\/h3>\n\n\n\n<p class=\"has-text-align-center has-white-color has-text-color has-link-color has-normal-font-size wp-elements-304a507361fd78b0f1851cb5604a3f59 wp-block-paragraph\">All year<\/p>\n<\/div>\n\n\n\n<div class=\"wp-block-buttons is-horizontal is-content-justification-center is-nowrap is-layout-flex wp-container-core-buttons-is-layout-a2e9729c wp-block-buttons-is-layout-flex\">\n<div class=\"wp-block-button has-custom-width wp-block-button__width-100\"><a class=\"wp-block-button__link wp-element-button\" href=\"https:\/\/wa.me\/526121272245\" target=\"_blank\" rel=\"noreferrer noopener\">Book now<\/a><\/div>\n\n\n\n<div class=\"wp-block-button has-custom-width wp-block-button__width-100 is-style-outline is-style-outline--4\"><a class=\"wp-block-button__link wp-element-button\">Explore<\/a><\/div>\n<\/div>\n<\/div>\n<\/div>\n<\/div>\n<\/div>\n\n\n\n<div class=\"wp-block-group alignfull is-layout-constrained wp-container-core-group-is-layout-b221d9d0 wp-block-group-is-layout-constrained has-background\" style=\"min-height:0px;margin-top:0;margin-bottom:0;padding-top:0;padding-right:0;padding-bottom:0;padding-left:0;background-image:url(&apos;https:\/\/weboatbaja.com\/wp-content\/uploads\/2026\/01\/BANNER002.png&apos;);background-size:cover;\">\n<div class=\"wp-block-group alignwide is-layout-flow wp-block-group-is-layout-flow\">\n<div class=\"wp-block-boldblocks-svg-block alignwide has-custom-css wp-custom-css-5571dc48 svg-b-5\"><div class=\"wp-block-boldblocks-svg-block__inner is-invert is-flip sm-svg-width svg-fill-color\"><svg preserveaspectratio=\"none\" viewbox=\"0 0 1920 120\" xmlns=\"http:\/\/www.w3.org\/2000\/svg\" class=\"bb-icon bb-icon--divider-waves\">\n  <path fill-rule=\"evenodd\" d=\"M0 55.962c300.496 50.616 620.496 50.616 960 0s659.504-50.616 960 0V120H0V55.962Z\"><\/path>\n<\/svg><\/div><\/div>\n\n\n\n<div class=\"wp-block-group is-vertical is-content-justification-center is-layout-flex wp-container-core-group-is-layout-66c967ff wp-block-group-is-layout-flex\" style=\"margin-top:0;margin-bottom:0;padding-top:var(--wp--preset--spacing--70);padding-bottom:0\">\n<div class=\"wp-block-group is-nowrap is-layout-flex wp-container-core-group-is-layout-9ba6dbca wp-block-group-is-layout-flex\">\n<h2 class=\"wp-block-heading has-white-color has-text-color has-link-color wp-elements-6bf5f5a8cc2abe96d69bb5c6d78e6657\">Discover Baja from the sea<\/h2>\n<\/div>\n\n\n\n<div class=\"wp-block-buttons is-content-justification-center is-layout-flex wp-container-core-buttons-is-layout-217d4e66 wp-block-buttons-is-layout-flex\">\n<div class=\"wp-block-button\"><a class=\"wp-block-button__link wp-element-button\" href=\"https:\/\/wa.me\/526121272245\" target=\"_blank\" rel=\"noreferrer noopener\">Live the experience<\/a><\/div>\n<\/div>\n<\/div>\n\n\n\n<div style=\"height:100px\" aria-hidden=\"true\" class=\"wp-block-spacer\"><\/div>\n<\/div>\n<\/div>\n<\/div>","protected":false},"excerpt":{"rendered":"<p>We Boat Baja En We Boat Baja somos m\u00e1s que tripulaci\u00f3n: somos gente que creci\u00f3 y vive conectada al mar. Conocemos estas aguas, respetamos su ritmo y entendemos que cada salida es una oportunidad para crear recuerdos que se quedan contigo. Por eso cuidamos cada detalle, desde la bienvenida a bordo hasta el \u00faltimo momento [&hellip;]<\/p>\n","protected":false},"author":2,"featured_media":0,"parent":0,"menu_order":0,"comment_status":"closed","ping_status":"closed","template":"","meta":{"_crdt_document":"","footnotes":""},"class_list":["post-18","page","type-page","status-publish","hentry"],"_hostinger_reach_plugin_has_subscription_block":false,"_hostinger_reach_plugin_is_elementor":false,"_links":{"self":[{"href":"https:\/\/weboatbaja.com\/en\/wp-json\/wp\/v2\/pages\/18","targetHints":{"allow":["GET"]}}],"collection":[{"href":"https:\/\/weboatbaja.com\/en\/wp-json\/wp\/v2\/pages"}],"about":[{"href":"https:\/\/weboatbaja.com\/en\/wp-json\/wp\/v2\/types\/page"}],"author":[{"embeddable":true,"href":"https:\/\/weboatbaja.com\/en\/wp-json\/wp\/v2\/users\/2"}],"replies":[{"embeddable":true,"href":"https:\/\/weboatbaja.com\/en\/wp-json\/wp\/v2\/comments?post=18"}],"version-history":[{"count":44,"href":"https:\/\/weboatbaja.com\/en\/wp-json\/wp\/v2\/pages\/18\/revisions"}],"predecessor-version":[{"id":2116,"href":"https:\/\/weboatbaja.com\/en\/wp-json\/wp\/v2\/pages\/18\/revisions\/2116"}],"wp:attachment":[{"href":"https:\/\/weboatbaja.com\/en\/wp-json\/wp\/v2\/media?parent=18"}],"curies":[{"name":"wp","href":"https:\/\/api.w.org\/{rel}","templated":true}]}}